{"id":128,"date":"2025-04-25T19:55:49","date_gmt":"2025-04-25T19:55:49","guid":{"rendered":"https:\/\/isabelrestobar.com\/?page_id=128"},"modified":"2025-05-05T10:15:48","modified_gmt":"2025-05-05T10:15:48","slug":"our-history","status":"publish","type":"page","link":"https:\/\/isabelrestobar.com\/en\/nuestra-historia\/","title":{"rendered":"Our History"},"content":{"rendered":"<div data-elementor-type=\"wp-page\" data-elementor-id=\"128\" class=\"elementor elementor-128\" data-elementor-post-type=\"page\">\n\t\t\t\t<div class=\"elementor-element elementor-element-4644d81 e-flex e-con-boxed e-con e-parent\" data-id=\"4644d81\" data-element_type=\"container\" data-e-type=\"container\" data-settings=\"{&quot;background_background&quot;:&quot;classic&quot;}\">\n\t\t\t\t\t<div class=\"e-con-inner\">\n\t\t\t\t\t<\/div>\n\t\t\t\t<\/div>\n\t\t<div class=\"elementor-element elementor-element-26c934b e-flex e-con-boxed e-con e-parent\" data-id=\"26c934b\" data-element_type=\"container\" data-e-type=\"container\">\n\t\t\t\t\t<div class=\"e-con-inner\">\n\t\t<div class=\"elementor-element elementor-element-4e50daa e-con-full e-flex e-con e-child\" data-id=\"4e50daa\" data-element_type=\"container\" data-e-type=\"container\">\n\t\t<div class=\"elementor-element elementor-element-a26ecb9 e-con-full e-flex e-con e-child\" data-id=\"a26ecb9\" data-element_type=\"container\" data-e-type=\"container\" data-settings=\"{&quot;background_background&quot;:&quot;classic&quot;}\">\n\t\t\t\t<\/div>\n\t\t<div class=\"elementor-element elementor-element-0ac013c e-con-full elementor-hidden-mobile e-flex e-con e-child\" data-id=\"0ac013c\" data-element_type=\"container\" data-e-type=\"container\" data-settings=\"{&quot;background_background&quot;:&quot;classic&quot;}\">\n\t\t\t\t<\/div>\n\t\t\t\t<\/div>\n\t\t<div class=\"elementor-element elementor-element-a668a81 e-con-full e-flex e-con e-child\" data-id=\"a668a81\" data-element_type=\"container\" data-e-type=\"container\">\n\t\t\t\t<div class=\"elementor-element elementor-element-ffed72f elementor-widget elementor-widget-heading\" data-id=\"ffed72f\" data-element_type=\"widget\" data-e-type=\"widget\" data-widget_type=\"heading.default\">\n\t\t\t\t<div class=\"elementor-widget-container\">\n\t\t\t\t\t<h3 class=\"elementor-heading-title elementor-size-default\">Get to know the story behind Isabel Resto Bar<\/h3>\t\t\t\t<\/div>\n\t\t\t\t<\/div>\n\t\t\t\t<div class=\"elementor-element elementor-element-bf3c1ac elementor-widget-divider--view-line elementor-widget elementor-widget-divider\" data-id=\"bf3c1ac\" data-element_type=\"widget\" data-e-type=\"widget\" data-widget_type=\"divider.default\">\n\t\t\t\t<div class=\"elementor-widget-container\">\n\t\t\t\t\t\t\t<div class=\"elementor-divider\">\n\t\t\t<span class=\"elementor-divider-separator\">\n\t\t\t\t\t\t<\/span>\n\t\t<\/div>\n\t\t\t\t\t\t<\/div>\n\t\t\t\t<\/div>\n\t\t\t\t<div class=\"elementor-element elementor-element-784d087 elementor-widget elementor-widget-text-editor\" data-id=\"784d087\" data-element_type=\"widget\" data-e-type=\"widget\" data-widget_type=\"text-editor.default\">\n\t\t\t\t<div class=\"elementor-widget-container\">\n\t\t\t\t\t\t\t\t\t<p>Isabel is more than a restaurant; it is a tribute to our roots and to the people who inspire us every day.<\/p><p>Our grandparents, originally from Nerja, passed on to us their love for traditional Andalusian cuisine, and it is their recipes that give life to our menus today. Each dish we serve seeks to rescue those authentic flavours that marked our childhood and that we want to share with you today.<\/p><p>The restaurant is named after our mother, Isabel, as a token of affection and recognition for her influence in our life and in this project. Naming it after her not only honours her legacy, but also adds a touch of closeness and familiarity that we want you to feel on every visit.<\/p><p>Our logo also tells a story: it is the union of the coats of arms of our families, Iranzo and Carri\u00f3n. From the Iranzo coat of arms we took the yellow castle, symbol of strength and tradition, and from the Carri\u00f3n coat of arms the rest of the design, such as Ghisolfi and Fort, which are part of the whole family, reflecting the union and family spirit that gave rise to this dream.<\/p><p>At Isabel, every detail is designed to make you feel at home, enjoying honest cuisine, full of history and flavour.<\/p><p class=\"\" data-start=\"324\" data-end=\"609\">\u00a0<\/p>\t\t\t\t\t\t\t\t<\/div>\n\t\t\t\t<\/div>\n\t\t\t\t<div class=\"elementor-element elementor-element-79ec5f0 elementor-widget elementor-widget-heading\" data-id=\"79ec5f0\" data-element_type=\"widget\" data-e-type=\"widget\" data-widget_type=\"heading.default\">\n\t\t\t\t<div class=\"elementor-widget-container\">\n\t\t\t\t\t<p class=\"elementor-heading-title elementor-size-default\">Welcome to our family. <br><br>Welcome to Isabel!       <\/p>\t\t\t\t<\/div>\n\t\t\t\t<\/div>\n\t\t\t\t<\/div>\n\t\t\t\t\t<\/div>\n\t\t\t\t<\/div>\n\t\t<div class=\"elementor-element elementor-element-4744837 e-flex e-con-boxed e-con e-parent\" data-id=\"4744837\" data-element_type=\"container\" data-e-type=\"container\" data-settings=\"{&quot;background_background&quot;:&quot;classic&quot;}\">\n\t\t\t\t\t<div class=\"e-con-inner\">\n\t\t<div class=\"elementor-element elementor-element-45c5bb0 e-con-full e-flex e-con e-child\" data-id=\"45c5bb0\" data-element_type=\"container\" data-e-type=\"container\">\n\t\t\t\t<div class=\"elementor-element elementor-element-6391504 elementor-widget elementor-widget-heading\" data-id=\"6391504\" data-element_type=\"widget\" data-e-type=\"widget\" data-widget_type=\"heading.default\">\n\t\t\t\t<div class=\"elementor-widget-container\">\n\t\t\t\t\t<h3 class=\"elementor-heading-title elementor-size-default\">Make your booking quick and easy<\/h3>\t\t\t\t<\/div>\n\t\t\t\t<\/div>\n\t\t\t\t<div class=\"elementor-element elementor-element-ac224b9 elementor-widget-divider--view-line elementor-widget elementor-widget-divider\" data-id=\"ac224b9\" data-element_type=\"widget\" data-e-type=\"widget\" data-widget_type=\"divider.default\">\n\t\t\t\t<div class=\"elementor-widget-container\">\n\t\t\t\t\t\t\t<div class=\"elementor-divider\">\n\t\t\t<span class=\"elementor-divider-separator\">\n\t\t\t\t\t\t<\/span>\n\t\t<\/div>\n\t\t\t\t\t\t<\/div>\n\t\t\t\t<\/div>\n\t\t\t\t<div class=\"elementor-element elementor-element-9de8dea elementor-widget elementor-widget-text-editor\" data-id=\"9de8dea\" data-element_type=\"widget\" data-e-type=\"widget\" data-widget_type=\"text-editor.default\">\n\t\t\t\t<div class=\"elementor-widget-container\">\n\t\t\t\t\t\t\t\t\t<p class=\"\" data-start=\"192\" data-end=\"344\">Would you like to book a table, check availability or request information?<br data-start=\"261\" data-end=\"264\" \/>You can write to us directly by WhatsApp and we will be happy to help you.<\/p><p class=\"\" data-start=\"346\" data-end=\"400\"><strong data-start=\"346\" data-end=\"400\">One click and we'll talk. Easy, fast and personal.<\/strong><\/p>\t\t\t\t\t\t\t\t<\/div>\n\t\t\t\t<\/div>\n\t\t\t\t<div class=\"elementor-element elementor-element-5b6718d elementor-widget elementor-widget-button\" data-id=\"5b6718d\" data-element_type=\"widget\" data-e-type=\"widget\" data-widget_type=\"button.default\">\n\t\t\t\t<div class=\"elementor-widget-container\">\n\t\t\t\t\t\t\t\t\t<div class=\"elementor-button-wrapper\">\n\t\t\t\t\t<a class=\"elementor-button elementor-button-link elementor-size-sm\" href=\"https:\/\/wa.me\/34662920381\" target=\"_blank\" rel=\"noopener\">\n\t\t\t\t\t\t<span class=\"elementor-button-content-wrapper\">\n\t\t\t\t\t\t\t\t\t<span class=\"elementor-button-text\">Book<\/span>\n\t\t\t\t\t<\/span>\n\t\t\t\t\t<\/a>\n\t\t\t\t<\/div>\n\t\t\t\t\t\t\t\t<\/div>\n\t\t\t\t<\/div>\n\t\t\t\t<\/div>\n\t\t<div class=\"elementor-element elementor-element-148579a e-con-full e-flex e-con e-child\" data-id=\"148579a\" data-element_type=\"container\" data-e-type=\"container\">\n\t\t<div class=\"elementor-element elementor-element-edc1014 e-con-full e-flex e-con e-child\" data-id=\"edc1014\" data-element_type=\"container\" data-e-type=\"container\" data-settings=\"{&quot;background_background&quot;:&quot;classic&quot;}\">\n\t\t\t\t<\/div>\n\t\t<div class=\"elementor-element elementor-element-5745e15 e-con-full elementor-hidden-mobile e-flex e-con e-child\" data-id=\"5745e15\" data-element_type=\"container\" data-e-type=\"container\" data-settings=\"{&quot;background_background&quot;:&quot;classic&quot;}\">\n\t\t\t\t<\/div>\n\t\t\t\t<\/div>\n\t\t\t\t\t<\/div>\n\t\t\t\t<\/div>\n\t\t<div class=\"elementor-element elementor-element-b32db29 e-flex e-con-boxed e-con e-parent\" data-id=\"b32db29\" data-element_type=\"container\" data-e-type=\"container\">\n\t\t\t\t\t<div class=\"e-con-inner\">\n\t\t\t\t<div class=\"elementor-element elementor-element-4f82948 elementor-widget elementor-widget-heading\" data-id=\"4f82948\" data-element_type=\"widget\" data-e-type=\"widget\" data-widget_type=\"heading.default\">\n\t\t\t\t<div class=\"elementor-widget-container\">\n\t\t\t\t\t<h3 class=\"elementor-heading-title elementor-size-default\">At Isabel Resto Bar we create...<\/h3>\t\t\t\t<\/div>\n\t\t\t\t<\/div>\n\t\t\t\t\t<\/div>\n\t\t\t\t<\/div>\n\t\t<div class=\"elementor-element elementor-element-abe5a67 e-flex e-con-boxed e-con e-child\" data-id=\"abe5a67\" data-element_type=\"container\" data-e-type=\"container\">\n\t\t\t\t\t<div class=\"e-con-inner\">\n\t\t\t\t<div class=\"elementor-element elementor-element-2f191e5 elementor-cta--skin-cover elementor-cta--valign-bottom elementor-widget__width-inherit elementor-animated-content elementor-bg-transform elementor-bg-transform-zoom-in elementor-widget elementor-widget-call-to-action\" data-id=\"2f191e5\" data-element_type=\"widget\" data-e-type=\"widget\" data-widget_type=\"call-to-action.default\">\n\t\t\t\t<div class=\"elementor-widget-container\">\n\t\t\t\t\t\t\t<div class=\"elementor-cta\">\n\t\t\t\t\t<div class=\"elementor-cta__bg-wrapper\">\n\t\t\t\t<div class=\"elementor-cta__bg elementor-bg\" style=\"background-image: url(https:\/\/isabelrestobar.com\/wp-content\/uploads\/2025\/05\/una-mesa-con-un-mantel-y-gafas-y-un-placemat-con-una-lampara-en-ella-1.webp);\" role=\"img\" aria-label=\"a-table-with-a-tablecloth-and-glasses-and-a-placemat-with-a-lamp-on-it (1)\"><\/div>\n\t\t\t\t<div class=\"elementor-cta__bg-overlay\"><\/div>\n\t\t\t<\/div>\n\t\t\t\t\t\t\t<div class=\"elementor-cta__content\">\n\t\t\t\t\n\t\t\t\t\t\t\t\t\t<h3 class=\"elementor-cta__title elementor-cta__content-item elementor-content-item elementor-animated-item--grow\">\n\t\t\t\t\t\tFamily\t\t\t\t\t<\/h3>\n\t\t\t\t\n\t\t\t\t\n\t\t\t\t\t\t\t<\/div>\n\t\t\t\t\t\t<\/div>\n\t\t\t\t\t\t<\/div>\n\t\t\t\t<\/div>\n\t\t\t\t<div class=\"elementor-element elementor-element-7e74bb5 elementor-cta--skin-cover elementor-cta--valign-bottom elementor-widget__width-inherit elementor-animated-content elementor-bg-transform elementor-bg-transform-zoom-in elementor-widget elementor-widget-call-to-action\" data-id=\"7e74bb5\" data-element_type=\"widget\" data-e-type=\"widget\" data-widget_type=\"call-to-action.default\">\n\t\t\t\t<div class=\"elementor-widget-container\">\n\t\t\t\t\t\t\t<div class=\"elementor-cta\">\n\t\t\t\t\t<div class=\"elementor-cta__bg-wrapper\">\n\t\t\t\t<div class=\"elementor-cta__bg elementor-bg\" style=\"background-image: url(https:\/\/isabelrestobar.com\/wp-content\/uploads\/2025\/05\/el-chef-vierte-salsa-especial-en-las-costillas-de-cerdo-en-la-cocina-768x513.webp);\" role=\"img\" aria-label=\"the-chef-pours-sauce-special-on-pork-ribs-in-the-kitchen\"><\/div>\n\t\t\t\t<div class=\"elementor-cta__bg-overlay\"><\/div>\n\t\t\t<\/div>\n\t\t\t\t\t\t\t<div class=\"elementor-cta__content\">\n\t\t\t\t\n\t\t\t\t\t\t\t\t\t<h3 class=\"elementor-cta__title elementor-cta__content-item elementor-content-item elementor-animated-item--grow\">\n\t\t\t\t\t\tHistory\t\t\t\t\t<\/h3>\n\t\t\t\t\n\t\t\t\t\n\t\t\t\t\t\t\t<\/div>\n\t\t\t\t\t\t<\/div>\n\t\t\t\t\t\t<\/div>\n\t\t\t\t<\/div>\n\t\t\t\t<div class=\"elementor-element elementor-element-a7608e4 elementor-cta--skin-cover elementor-cta--valign-bottom elementor-widget__width-inherit elementor-animated-content elementor-bg-transform elementor-bg-transform-zoom-in elementor-widget elementor-widget-call-to-action\" data-id=\"a7608e4\" data-element_type=\"widget\" data-e-type=\"widget\" data-widget_type=\"call-to-action.default\">\n\t\t\t\t<div class=\"elementor-widget-container\">\n\t\t\t\t\t\t\t<div class=\"elementor-cta\">\n\t\t\t\t\t<div class=\"elementor-cta__bg-wrapper\">\n\t\t\t\t<div class=\"elementor-cta__bg elementor-bg\" style=\"background-image: url(https:\/\/isabelrestobar.com\/wp-content\/uploads\/2025\/05\/vista-lateral-del-plato-flameado-chef-masculino.webp);\" role=\"img\" aria-label=\"side-view-of-plate-flame-chef-masculine\"><\/div>\n\t\t\t\t<div class=\"elementor-cta__bg-overlay\"><\/div>\n\t\t\t<\/div>\n\t\t\t\t\t\t\t<div class=\"elementor-cta__content\">\n\t\t\t\t\n\t\t\t\t\t\t\t\t\t<h3 class=\"elementor-cta__title elementor-cta__content-item elementor-content-item elementor-animated-item--grow\">\n\t\t\t\t\t\tTaste\t\t\t\t\t<\/h3>\n\t\t\t\t\n\t\t\t\t\n\t\t\t\t\t\t\t<\/div>\n\t\t\t\t\t\t<\/div>\n\t\t\t\t\t\t<\/div>\n\t\t\t\t<\/div>\n\t\t\t\t\t<\/div>\n\t\t\t\t<\/div>\n\t\t\t\t<\/div>","protected":false},"excerpt":{"rendered":"<p>Conoce la historia detr\u00e1s de Isabel Resto Bar Isabel es m\u00e1s que un restaurante; es un homenaje a nuestras ra\u00edces y a las personas que nos inspiran cada d\u00eda. Nuestros abuelos, originarios de Nerja, nos transmitieron el amor por la cocina tradicional andaluza, y son sus recetas las que hoy dan vida a nuestros men\u00fas. [&hellip;]<\/p>\n","protected":false},"author":1,"featured_media":0,"parent":0,"menu_order":0,"comment_status":"closed","ping_status":"closed","template":"","meta":{"footnotes":""},"class_list":["post-128","page","type-page","status-publish","hentry"],"_links":{"self":[{"href":"https:\/\/isabelrestobar.com\/en\/wp-json\/wp\/v2\/pages\/128","targetHints":{"allow":["GET"]}}],"collection":[{"href":"https:\/\/isabelrestobar.com\/en\/wp-json\/wp\/v2\/pages"}],"about":[{"href":"https:\/\/isabelrestobar.com\/en\/wp-json\/wp\/v2\/types\/page"}],"author":[{"embeddable":true,"href":"https:\/\/isabelrestobar.com\/en\/wp-json\/wp\/v2\/users\/1"}],"replies":[{"embeddable":true,"href":"https:\/\/isabelrestobar.com\/en\/wp-json\/wp\/v2\/comments?post=128"}],"version-history":[{"count":55,"href":"https:\/\/isabelrestobar.com\/en\/wp-json\/wp\/v2\/pages\/128\/revisions"}],"predecessor-version":[{"id":714,"href":"https:\/\/isabelrestobar.com\/en\/wp-json\/wp\/v2\/pages\/128\/revisions\/714"}],"wp:attachment":[{"href":"https:\/\/isabelrestobar.com\/en\/wp-json\/wp\/v2\/media?parent=128"}],"curies":[{"name":"wp","href":"https:\/\/api.w.org\/{rel}","templated":true}]}}