{"id":436,"date":"2025-05-01T00:24:19","date_gmt":"2025-05-01T00:24:19","guid":{"rendered":"https:\/\/isabelrestobar.com\/?page_id=436"},"modified":"2025-05-06T13:53:05","modified_gmt":"2025-05-06T13:53:05","slug":"legal-notice","status":"publish","type":"page","link":"https:\/\/isabelrestobar.com\/en\/aviso-legal\/","title":{"rendered":"Legal Notice"},"content":{"rendered":"<div data-elementor-type=\"wp-page\" data-elementor-id=\"436\" class=\"elementor elementor-436\" data-elementor-post-type=\"page\">\n\t\t\t\t<div class=\"elementor-element elementor-element-2b31baa e-flex e-con-boxed e-con e-parent\" data-id=\"2b31baa\" data-element_type=\"container\" data-e-type=\"container\" data-settings=\"{&quot;background_background&quot;:&quot;classic&quot;}\">\n\t\t\t\t\t<div class=\"e-con-inner\">\n\t\t\t\t\t<\/div>\n\t\t\t\t<\/div>\n\t\t<div class=\"elementor-element elementor-element-789bad4 e-flex e-con-boxed e-con e-parent\" data-id=\"789bad4\" data-element_type=\"container\" data-e-type=\"container\">\n\t\t\t\t\t<div class=\"e-con-inner\">\n\t\t\t\t<div class=\"elementor-element elementor-element-6b75611 elementor-widget elementor-widget-text-editor\" data-id=\"6b75611\" data-element_type=\"widget\" data-e-type=\"widget\" data-widget_type=\"text-editor.default\">\n\t\t\t\t<div class=\"elementor-widget-container\">\n\t\t\t\t\t\t\t\t\t<p><i>This legal notice \/ imprint was last updated on 5 May 2025.<\/i><\/p><p class=\"cmplz-subtitle\">The owner of this website is:<\/p><p><span data-teams=\"true\">MARIA JOSE YRANZO FORT<\/span><br \/><span data-teams=\"true\">\u00a0C\/ Almirante Ferraniz, N\u00ba 83<br \/>29780 Nerja<br \/>Malaga<\/span><\/p><p>Spain<br \/>E-mail: <a href=\"mailto:isabelrestoran@gmail.com\" target=\"_blank\" rel=\"noopener\"><span class=\"elementor-icon-list-text\">isabelrestoran@gmail.com<\/span><\/a><\/p><p>Telephone number: <a href=\"https:\/\/wa.me\/34662920381\" target=\"_blank\" rel=\"noopener\"><span class=\"elementor-icon-list-text\">+34 662 920 381<\/span><\/a><\/p><p>VAT number: <span data-teams=\"true\">12850735Z<\/span><\/p><h2>1. General<\/h2><p>We are neither willing nor obliged to participate in dispute resolution proceedings before a consumer arbitration board.<\/p>\t\t\t\t\t\t\t\t<\/div>\n\t\t\t\t<\/div>\n\t\t\t\t\t<\/div>\n\t\t\t\t<\/div>\n\t\t\t\t<\/div>","protected":false},"excerpt":{"rendered":"<p>Este aviso legal \/ pie de imprenta fue actualizado por \u00faltima vez el 5 de mayo de 2025. El propietario de esta web es: MARIA JOSE YRANZO FORT\u00a0C\/ Almirante Ferraniz, N\u00ba 8329780 NerjaM\u00e1laga Espa\u00f1aCorreo electr\u00f3nico: isabelrestoran@gmail.com N\u00famero de tel\u00e9fono: +34 662 920 381 CIF (N\u00famero de IVA): 12850735Z 1. General No estamos dispuestos ni obligados [&hellip;]<\/p>\n","protected":false},"author":1,"featured_media":0,"parent":0,"menu_order":0,"comment_status":"closed","ping_status":"closed","template":"","meta":{"footnotes":""},"class_list":["post-436","page","type-page","status-publish","hentry"],"_links":{"self":[{"href":"https:\/\/isabelrestobar.com\/en\/wp-json\/wp\/v2\/pages\/436","targetHints":{"allow":["GET"]}}],"collection":[{"href":"https:\/\/isabelrestobar.com\/en\/wp-json\/wp\/v2\/pages"}],"about":[{"href":"https:\/\/isabelrestobar.com\/en\/wp-json\/wp\/v2\/types\/page"}],"author":[{"embeddable":true,"href":"https:\/\/isabelrestobar.com\/en\/wp-json\/wp\/v2\/users\/1"}],"replies":[{"embeddable":true,"href":"https:\/\/isabelrestobar.com\/en\/wp-json\/wp\/v2\/comments?post=436"}],"version-history":[{"count":16,"href":"https:\/\/isabelrestobar.com\/en\/wp-json\/wp\/v2\/pages\/436\/revisions"}],"predecessor-version":[{"id":841,"href":"https:\/\/isabelrestobar.com\/en\/wp-json\/wp\/v2\/pages\/436\/revisions\/841"}],"wp:attachment":[{"href":"https:\/\/isabelrestobar.com\/en\/wp-json\/wp\/v2\/media?parent=436"}],"curies":[{"name":"wp","href":"https:\/\/api.w.org\/{rel}","templated":true}]}}